{"id":609,"date":"2024-06-02T22:42:14","date_gmt":"2024-06-02T20:42:14","guid":{"rendered":"https:\/\/raucroix.eu\/OR2024\/?page_id=604"},"modified":"2024-11-08T08:22:26","modified_gmt":"2024-11-08T07:22:26","slug":"regle-n6","status":"publish","type":"page","link":"https:\/\/raucroix.eu\/or2025\/regle-n6\/","title":{"rendered":"REGLE N\u00b0 6 !"},"content":{"rendered":"\t\t<div data-elementor-type=\"wp-page\" data-elementor-id=\"609\" class=\"elementor elementor-609\">\n\t\t\t\t<div class=\"elementor-element elementor-element-a8f2c43 e-flex e-con-boxed e-con e-parent\" data-id=\"a8f2c43\" data-element_type=\"container\" data-e-type=\"container\">\n\t\t\t\t\t<div class=\"e-con-inner\">\n\t\t<div class=\"elementor-element elementor-element-91b8f13 e-con-full e-flex e-con e-child\" data-id=\"91b8f13\" data-element_type=\"container\" data-e-type=\"container\" data-settings=\"{&quot;background_background&quot;:&quot;classic&quot;}\">\n\t\t\t\t<div class=\"elementor-element elementor-element-d838d5c elementor-widget elementor-widget-heading\" data-id=\"d838d5c\" data-element_type=\"widget\" data-e-type=\"widget\" data-widget_type=\"heading.default\">\n\t\t\t\t<div class=\"elementor-widget-container\">\n\t\t\t\t\t<h2 class=\"elementor-heading-title elementor-size-default\">Quel est<br><br>la r\u00e8gle N\u00b0 6 ?<\/h2>\t\t\t\t<\/div>\n\t\t\t\t<\/div>\n\t\t\t\t<\/div>\n\t\t<div class=\"elementor-element elementor-element-97c6f2e e-con-full e-flex e-con e-child\" data-id=\"97c6f2e\" data-element_type=\"container\" data-e-type=\"container\">\n\t\t\t\t<div class=\"elementor-element elementor-element-177e4d9 elementor-widget elementor-widget-heading\" data-id=\"177e4d9\" data-element_type=\"widget\" data-e-type=\"widget\" data-widget_type=\"heading.default\">\n\t\t\t\t<div class=\"elementor-widget-container\">\n\t\t\t\t\t<h4 class=\"elementor-heading-title elementor-size-default\">Une petite histoire pour l'illustrer ... (*)<\/h4>\t\t\t\t<\/div>\n\t\t\t\t<\/div>\n\t\t\t\t<div class=\"elementor-element elementor-element-8a32e1d elementor-widget elementor-widget-text-editor\" data-id=\"8a32e1d\" data-element_type=\"widget\" data-e-type=\"widget\" data-widget_type=\"text-editor.default\">\n\t\t\t\t<div class=\"elementor-widget-container\">\n\t\t\t\t\t\t\t\t\t<p>Deux Premiers ministres sont en train de discuter des affaires de l\u2019\u00c9tat.<\/p><p>Soudain, un fou furieux entre avec fracas dans la pi\u00e8ce et se met \u00e0 hurler et \u00e0 taper du poing sur le bureau. <br \/>Le Premier ministre du pays h\u00f4te le r\u00e9primande aussit\u00f4t : \u00ab Peter, dit-il, ayez la bont\u00e9 de vous rappeler la R\u00e8gle Num\u00e9ro 6 \u00bb, sur quoi Peter retrouve instantan\u00e9ment son calme, s\u2019excuse et se retire.<\/p><p>Les politiciens reprennent leur conversation, mais ils sont interrompus vingt minutes plus tard par une femme hyst\u00e9rique qui gesticule dans tous les sens, les cheveux en bataille.<br \/>\u00c0 nouveau, l\u2019intruse est accueillie par ces m\u00eames paroles : \u00ab Marie, rappelez-vous, je vous prie, la R\u00e8gle Num\u00e9ro 6. \u00bb<br \/>La femme revient \u00e0 elle et se retire en s\u2019inclinant et s\u2019excusant.<\/p><p>Apr\u00e8s que la m\u00eame sc\u00e8ne se fut r\u00e9p\u00e9t\u00e9e pour une troisi\u00e8me fois, le Premier ministre de passage demande \u00e0 son coll\u00e8gue : \u00ab Mon cher ami, j\u2019ai vu bien des choses au cours de ma vie, mais jamais rien de tel.<br \/>Auriez-vous l\u2019obligeance de me r\u00e9v\u00e9ler le secret de la R\u00e8gle Num\u00e9ro 6 ? \u00bb<\/p><p>\u00ab C\u2019est tr\u00e8s simple, r\u00e9pond l\u2019autre Premier ministre. La R\u00e8gle Num\u00e9ro 6 se lit comme suit : \u00ab\u00a0Arr\u00eatez de vous prendre au s\u00e9rieux, imb\u00e9cile. \u00ab<\/p><p>\u00ab Ah ! s\u2019exclame le visiteur, c\u2019est une r\u00e8gle remarquable. \u00bb<br \/>Apr\u00e8s quelques instants de r\u00e9flexion, il ajoute : \u00ab Mais si je peux me permettre, quelles sont les autres r\u00e8gles ? \u00bb<\/p><p>\u00ab Il n\u2019y en a pas d\u2019autre. \u00bb !<\/p>\t\t\t\t\t\t\t\t<\/div>\n\t\t\t\t<\/div>\n\t\t\t\t<\/div>\n\t\t\t\t\t<\/div>\n\t\t\t\t<\/div>\n\t\t<div class=\"elementor-element elementor-element-911b482 e-flex e-con-boxed e-con e-parent\" data-id=\"911b482\" data-element_type=\"container\" data-e-type=\"container\">\n\t\t\t\t\t<div class=\"e-con-inner\">\n\t\t\t\t<div class=\"elementor-element elementor-element-c8f1074 elementor-widget elementor-widget-text-editor\" data-id=\"c8f1074\" data-element_type=\"widget\" data-e-type=\"widget\" data-widget_type=\"text-editor.default\">\n\t\t\t\t<div class=\"elementor-widget-container\">\n\t\t\t\t\t\t\t\t\t<p>(*) <span style=\"text-decoration: underline;\"><strong>ORIGINE<\/strong><\/span> \u00a0<br \/>Tir\u00e9e du livre \u00ab\u00a0L\u2019univers de la possibilit\u00e9: Un art \u00e0 d\u00e9couvrir\u00a0\u00bb de Rosamund Stone-Zander et Benjamin Zander (Editions Un Monde Diff\u00e9rent), cette histoire a \u00e9t\u00e9 reprise par Dr Wayne\u00a0 W. Dyer dans son livre \u00ab Le pouvoir de l\u2019intention \u00bb (Editions J&rsquo;ai Lu &#8211; Aventure Secr\u00e8te).<\/p>\t\t\t\t\t\t\t\t<\/div>\n\t\t\t\t<\/div>\n\t\t\t\t<div class=\"elementor-element elementor-element-75df74a elementor-widget elementor-widget-text-editor\" data-id=\"75df74a\" data-element_type=\"widget\" data-e-type=\"widget\" data-widget_type=\"text-editor.default\">\n\t\t\t\t<div class=\"elementor-widget-container\">\n\t\t\t\t\t\t\t\t\t<p><span style=\"text-decoration: underline;\"><strong>CONCLUSION :<br \/><\/strong><\/span>La prochaine fois o\u00f9 vous ressentirez \u00a0du stress, de l&rsquo;anxi\u00e9t\u00e9, de la col\u00e8re, de la frustration, des probl\u00e8mes dus par la \u00ab faute des autres \u00bb, ou toutes sortes d&rsquo;ondes n\u00e9gatives :<\/p>\t\t\t\t\t\t\t\t<\/div>\n\t\t\t\t<\/div>\n\t\t\t\t<div class=\"elementor-element elementor-element-ba62c12 elementor-widget elementor-widget-text-editor\" data-id=\"ba62c12\" data-element_type=\"widget\" data-e-type=\"widget\" data-widget_type=\"text-editor.default\">\n\t\t\t\t<div class=\"elementor-widget-container\">\n\t\t\t\t\t\t\t\t\t<p>Rappelez-vous la \u00ab R\u00e8gle Num\u00e9ro 6 \u00bb !<\/p><p>\u00a0\u00bb Arr\u00eatez de vous prendre au s\u00e9rieux, imb\u00e9cile ! \u00ab\u00a0<\/p>\t\t\t\t\t\t\t\t<\/div>\n\t\t\t\t<\/div>\n\t\t\t\t\t<\/div>\n\t\t\t\t<\/div>\n\t\t\t\t<\/div>\n\t\t","protected":false},"excerpt":{"rendered":"<p>Quel est la r\u00e8gle N\u00b0 6 ? Une petite histoire pour l&rsquo;illustrer &#8230; (*) Deux Premiers ministres sont en train de discuter des affaires de l\u2019\u00c9tat. Soudain, un fou furieux entre avec fracas dans la pi\u00e8ce et se met \u00e0 hurler et \u00e0 taper du poing sur le bureau. Le Premier ministre du pays h\u00f4te [&hellip;]<\/p>\n","protected":false},"author":1,"featured_media":0,"parent":0,"menu_order":0,"comment_status":"closed","ping_status":"closed","template":"elementor_header_footer","meta":{"_et_pb_use_builder":"","_et_pb_old_content":"","_et_gb_content_width":"1280","footnotes":""},"class_list":["post-609","page","type-page","status-publish","hentry"],"_links":{"self":[{"href":"https:\/\/raucroix.eu\/or2025\/wp-json\/wp\/v2\/pages\/609","targetHints":{"allow":["GET"]}}],"collection":[{"href":"https:\/\/raucroix.eu\/or2025\/wp-json\/wp\/v2\/pages"}],"about":[{"href":"https:\/\/raucroix.eu\/or2025\/wp-json\/wp\/v2\/types\/page"}],"author":[{"embeddable":true,"href":"https:\/\/raucroix.eu\/or2025\/wp-json\/wp\/v2\/users\/1"}],"replies":[{"embeddable":true,"href":"https:\/\/raucroix.eu\/or2025\/wp-json\/wp\/v2\/comments?post=609"}],"version-history":[{"count":14,"href":"https:\/\/raucroix.eu\/or2025\/wp-json\/wp\/v2\/pages\/609\/revisions"}],"predecessor-version":[{"id":1311,"href":"https:\/\/raucroix.eu\/or2025\/wp-json\/wp\/v2\/pages\/609\/revisions\/1311"}],"wp:attachment":[{"href":"https:\/\/raucroix.eu\/or2025\/wp-json\/wp\/v2\/media?parent=609"}],"curies":[{"name":"wp","href":"https:\/\/api.w.org\/{rel}","templated":true}]}}