{"id":489,"date":"2024-02-16T22:09:55","date_gmt":"2024-02-16T21:09:55","guid":{"rendered":"https:\/\/raucroix.eu\/OR2024\/?page_id=489"},"modified":"2024-07-26T12:47:04","modified_gmt":"2024-07-26T10:47:04","slug":"geobiologie","status":"publish","type":"page","link":"https:\/\/raucroix.eu\/or2025\/vers-linfini-et-au-dela\/geobiologie\/","title":{"rendered":"G\u00e9obiologie"},"content":{"rendered":"\t\t<div data-elementor-type=\"wp-page\" data-elementor-id=\"489\" class=\"elementor elementor-489\">\n\t\t\t\t<div class=\"elementor-element elementor-element-4f61aaa6 e-flex e-con-boxed e-con e-parent\" data-id=\"4f61aaa6\" data-element_type=\"container\" data-e-type=\"container\">\n\t\t\t\t\t<div class=\"e-con-inner\">\n\t\t<div class=\"elementor-element elementor-element-5d00abfc e-con-full e-flex e-con e-child\" data-id=\"5d00abfc\" data-element_type=\"container\" data-e-type=\"container\">\n\t\t\t\t<div class=\"elementor-element elementor-element-7fad18da elementor-widget elementor-widget-image\" data-id=\"7fad18da\" data-element_type=\"widget\" data-e-type=\"widget\" data-widget_type=\"image.default\">\n\t\t\t\t<div class=\"elementor-widget-container\">\n\t\t\t\t\t\t\t\t\t\t\t\t\t\t\t<img fetchpriority=\"high\" fetchpriority=\"high\" decoding=\"async\" width=\"300\" height=\"300\" src=\"https:\/\/raucroix.eu\/or2025\/wp-content\/uploads\/2024\/07\/Firefly-geobiologie-17175-300x300.jpg\" class=\"attachment-medium size-medium wp-image-1022\" alt=\"\" srcset=\"https:\/\/raucroix.eu\/or2025\/wp-content\/uploads\/2024\/07\/Firefly-geobiologie-17175-300x300.jpg 300w, https:\/\/raucroix.eu\/or2025\/wp-content\/uploads\/2024\/07\/Firefly-geobiologie-17175-1024x1024.jpg 1024w, https:\/\/raucroix.eu\/or2025\/wp-content\/uploads\/2024\/07\/Firefly-geobiologie-17175-150x150.jpg 150w, https:\/\/raucroix.eu\/or2025\/wp-content\/uploads\/2024\/07\/Firefly-geobiologie-17175-768x768.jpg 768w, https:\/\/raucroix.eu\/or2025\/wp-content\/uploads\/2024\/07\/Firefly-geobiologie-17175-1536x1536.jpg 1536w, https:\/\/raucroix.eu\/or2025\/wp-content\/uploads\/2024\/07\/Firefly-geobiologie-17175-1080x1080.jpg 1080w, https:\/\/raucroix.eu\/or2025\/wp-content\/uploads\/2024\/07\/Firefly-geobiologie-17175-440x440.jpg 440w, https:\/\/raucroix.eu\/or2025\/wp-content\/uploads\/2024\/07\/Firefly-geobiologie-17175.jpg 2048w\" sizes=\"(max-width: 300px) 100vw, 300px\" \/>\t\t\t\t\t\t\t\t\t\t\t\t\t\t\t<\/div>\n\t\t\t\t<\/div>\n\t\t\t\t<\/div>\n\t\t<div class=\"elementor-element elementor-element-2ec23844 e-con-full e-flex e-con e-child\" data-id=\"2ec23844\" data-element_type=\"container\" data-e-type=\"container\" data-settings=\"{&quot;background_background&quot;:&quot;classic&quot;}\">\n\t\t\t\t<div class=\"elementor-element elementor-element-2e75d59f elementor-widget elementor-widget-heading\" data-id=\"2e75d59f\" data-element_type=\"widget\" data-e-type=\"widget\" data-widget_type=\"heading.default\">\n\t\t\t\t<div class=\"elementor-widget-container\">\n\t\t\t\t\t<h3 class=\"elementor-heading-title elementor-size-default\">GEOBIOLOGIE DEFINITION<\/h3>\t\t\t\t<\/div>\n\t\t\t\t<\/div>\n\t\t\t\t<div class=\"elementor-element elementor-element-15b70328 elementor-widget elementor-widget-text-editor\" data-id=\"15b70328\" data-element_type=\"widget\" data-e-type=\"widget\" data-widget_type=\"text-editor.default\">\n\t\t\t\t<div class=\"elementor-widget-container\">\n\t\t\t\t\t\t\t\t\t<p>En radiesth\u00e9sie, la g\u00e9obiologie est une pseudoscience consistant en l&rsquo;\u00e9tude \u00e9sot\u00e9rique des relations de l&rsquo;environnement, des constructions et du mode de vie avec le vivant, de l&rsquo;ensemble des influences de l&rsquo;environnement sur le vivant, et notamment des ondes li\u00e9es aux champs magn\u00e9tiques et \u00e9lectriques, courants d&rsquo;eau souterrains, r\u00e9seaux dit \u00ab g\u00e9obiologiques \u00bb, failles g\u00e9ologiques, etc.<\/p><p>\u00c9tymologiquement, il s&rsquo;agit d&rsquo;une association &#8230;<\/p><p style=\"text-align: center;\"><a href=\"https:\/\/fr.wikipedia.org\/wiki\/G\u00e9obiologie_(pseudoscience)\" target=\"_blank\" rel=\"noopener\">LIRE LA SUITE &#8230;<\/a><\/p>\t\t\t\t\t\t\t\t<\/div>\n\t\t\t\t<\/div>\n\t\t\t\t<\/div>\n\t\t\t\t\t<\/div>\n\t\t\t\t<\/div>\n\t\t<div class=\"elementor-element elementor-element-4521248c e-flex e-con-boxed e-con e-parent\" data-id=\"4521248c\" data-element_type=\"container\" data-e-type=\"container\">\n\t\t\t\t\t<div class=\"e-con-inner\">\n\t\t\t\t<div class=\"elementor-element elementor-element-4e88c6ef eael_simple_menu_hamburger_disable_selected_menu_no eael-simple-menu-hamburger-align-right eael-hamburger--tablet elementor-widget elementor-widget-eael-simple-menu\" data-id=\"4e88c6ef\" data-element_type=\"widget\" data-e-type=\"widget\" data-widget_type=\"eael-simple-menu.default\">\n\t\t\t\t<div class=\"elementor-widget-container\">\n\t\t\t\t\t<style>\n                        @media screen and (max-width: 1024px) {\n                            .eael-hamburger--tablet {\n                                .eael-simple-menu-horizontal,\n                                .eael-simple-menu-vertical {\n                                    display: none;\n                                }\n                            }\n                            .eael-hamburger--tablet {\n                                .eael-simple-menu-container .eael-simple-menu-toggle {\n                                    display: block;\n                                }\n                            }\n                        }\n                        .eael-simple-menu-container.eael-simple-menu--loading > ul {\n                            display: -webkit-box !important;\n                            display: -ms-flexbox !important;\n                            display: flex !important;\n                            list-style: none !important;\n                        }\n                        .eael-simple-menu-container.eael-simple-menu--loading li ul {\n                            visibility: hidden !important;\n                            opacity: 0 !important;\n                        }\n                    <\/style>            <div data-hamburger-icon=\"&lt;svg aria-hidden=&quot;true&quot; class=&quot;e-font-icon-svg e-fas-bars&quot; viewBox=&quot;0 0 448 512&quot; xmlns=&quot;http:\/\/www.w3.org\/2000\/svg&quot;&gt;&lt;path d=&quot;M16 132h416c8.837 0 16-7.163 16-16V76c0-8.837-7.163-16-16-16H16C7.163 60 0 67.163 0 76v40c0 8.837 7.163 16 16 16zm0 160h416c8.837 0 16-7.163 16-16v-40c0-8.837-7.163-16-16-16H16c-8.837 0-16 7.163-16 16v40c0 8.837 7.163 16 16 16zm0 160h416c8.837 0 16-7.163 16-16v-40c0-8.837-7.163-16-16-16H16c-8.837 0-16 7.163-16 16v40c0 8.837 7.163 16 16 16z&quot;&gt;&lt;\/path&gt;&lt;\/svg&gt;\" data-indicator-icon=\"&lt;svg aria-hidden=&quot;true&quot; class=&quot;e-font-icon-svg e-fas-angle-down&quot; viewBox=&quot;0 0 320 512&quot; xmlns=&quot;http:\/\/www.w3.org\/2000\/svg&quot;&gt;&lt;path d=&quot;M143 352.3L7 216.3c-9.4-9.4-9.4-24.6 0-33.9l22.6-22.6c9.4-9.4 24.6-9.4 33.9 0l96.4 96.4 96.4-96.4c9.4-9.4 24.6-9.4 33.9 0l22.6 22.6c9.4 9.4 9.4 24.6 0 33.9l-136 136c-9.2 9.4-24.4 9.4-33.8 0z&quot;&gt;&lt;\/path&gt;&lt;\/svg&gt;\" data-dropdown-indicator-icon=\"&lt;svg class=&quot;e-font-icon-svg e-fas-angle-down&quot; viewBox=&quot;0 0 320 512&quot; xmlns=&quot;http:\/\/www.w3.org\/2000\/svg&quot;&gt;&lt;path d=&quot;M143 352.3L7 216.3c-9.4-9.4-9.4-24.6 0-33.9l22.6-22.6c9.4-9.4 24.6-9.4 33.9 0l96.4 96.4 96.4-96.4c9.4-9.4 24.6-9.4 33.9 0l22.6 22.6c9.4 9.4 9.4 24.6 0 33.9l-136 136c-9.2 9.4-24.4 9.4-33.8 0z&quot;&gt;&lt;\/path&gt;&lt;\/svg&gt;\" class=\"eael-simple-menu-container eael-simple-menu--loading eael-simple-menu-align-center eael-simple-menu-dropdown-align-left preset-2\" data-hamburger-breakpoints=\"{&quot;mobile&quot;:&quot;Portrait mobile (&gt; 767px)&quot;,&quot;tablet&quot;:&quot;Tablette en mode portrait (&gt; 1024px)&quot;,&quot;desktop&quot;:&quot;Desktop (&gt; 2400px)&quot;,&quot;none&quot;:&quot;None&quot;}\" data-hamburger-device=\"tablet\">\n                <ul id=\"menu-au-dela-01\" class=\"eael-simple-menu eael-simple-menu-dropdown-animate-to-top eael-simple-menu-indicator eael-simple-menu-horizontal\"><li id=\"menu-item-866\" class=\"menu-item menu-item-type-post_type menu-item-object-page menu-item-866\"><a href=\"https:\/\/raucroix.eu\/or2025\/vers-linfini-et-au-dela\/fantasmagorie\/\">Fantasmagorie<\/a><\/li>\n<li id=\"menu-item-867\" class=\"menu-item menu-item-type-post_type menu-item-object-page menu-item-867\"><a href=\"https:\/\/raucroix.eu\/or2025\/vers-linfini-et-au-dela\/genealogie\/\">G\u00e9n\u00e9alogie<\/a><\/li>\n<li id=\"menu-item-868\" class=\"menu-item menu-item-type-post_type menu-item-object-page menu-item-868\"><a href=\"https:\/\/raucroix.eu\/or2025\/vers-linfini-et-au-dela\/radiesthesie\/\">Radiesth\u00e9sie<\/a><\/li>\n<li id=\"menu-item-869\" class=\"menu-item menu-item-type-post_type menu-item-object-page menu-item-869\"><a href=\"https:\/\/raucroix.eu\/or2025\/vers-linfini-et-au-dela\/ia\/\">IA<\/a><\/li>\n<\/ul>                <button class=\"eael-simple-menu-toggle\">\n                    <span class=\"sr-only \">Hamburger Toggle Menu<\/span>\n                    <svg aria-hidden=\"true\" class=\"e-font-icon-svg e-fas-bars\" viewBox=\"0 0 448 512\" xmlns=\"http:\/\/www.w3.org\/2000\/svg\"><path d=\"M16 132h416c8.837 0 16-7.163 16-16V76c0-8.837-7.163-16-16-16H16C7.163 60 0 67.163 0 76v40c0 8.837 7.163 16 16 16zm0 160h416c8.837 0 16-7.163 16-16v-40c0-8.837-7.163-16-16-16H16c-8.837 0-16 7.163-16 16v40c0 8.837 7.163 16 16 16zm0 160h416c8.837 0 16-7.163 16-16v-40c0-8.837-7.163-16-16-16H16c-8.837 0-16 7.163-16 16v40c0 8.837 7.163 16 16 16z\"><\/path><\/svg>                <\/button>\n            <\/div>\n            \t\t\t\t<\/div>\n\t\t\t\t<\/div>\n\t\t\t\t<div class=\"elementor-element elementor-element-6de495a eael_simple_menu_hamburger_disable_selected_menu_no eael-simple-menu-hamburger-align-right eael-hamburger--tablet elementor-widget elementor-widget-eael-simple-menu\" data-id=\"6de495a\" data-element_type=\"widget\" data-e-type=\"widget\" data-widget_type=\"eael-simple-menu.default\">\n\t\t\t\t<div class=\"elementor-widget-container\">\n\t\t\t\t\t<style>\n                        @media screen and (max-width: 1024px) {\n                            .eael-hamburger--tablet {\n                                .eael-simple-menu-horizontal,\n                                .eael-simple-menu-vertical {\n                                    display: none;\n                                }\n                            }\n                            .eael-hamburger--tablet {\n                                .eael-simple-menu-container .eael-simple-menu-toggle {\n                                    display: block;\n                                }\n                            }\n                        }\n                        .eael-simple-menu-container.eael-simple-menu--loading > ul {\n                            display: -webkit-box !important;\n                            display: -ms-flexbox !important;\n                            display: flex !important;\n                            list-style: none !important;\n                        }\n                        .eael-simple-menu-container.eael-simple-menu--loading li ul {\n                            visibility: hidden !important;\n                            opacity: 0 !important;\n                        }\n                    <\/style>            <div data-hamburger-icon=\"&lt;svg aria-hidden=&quot;true&quot; class=&quot;e-font-icon-svg e-fas-bars&quot; viewBox=&quot;0 0 448 512&quot; xmlns=&quot;http:\/\/www.w3.org\/2000\/svg&quot;&gt;&lt;path d=&quot;M16 132h416c8.837 0 16-7.163 16-16V76c0-8.837-7.163-16-16-16H16C7.163 60 0 67.163 0 76v40c0 8.837 7.163 16 16 16zm0 160h416c8.837 0 16-7.163 16-16v-40c0-8.837-7.163-16-16-16H16c-8.837 0-16 7.163-16 16v40c0 8.837 7.163 16 16 16zm0 160h416c8.837 0 16-7.163 16-16v-40c0-8.837-7.163-16-16-16H16c-8.837 0-16 7.163-16 16v40c0 8.837 7.163 16 16 16z&quot;&gt;&lt;\/path&gt;&lt;\/svg&gt;\" data-indicator-icon=\"&lt;svg aria-hidden=&quot;true&quot; class=&quot;e-font-icon-svg e-fas-angle-down&quot; viewBox=&quot;0 0 320 512&quot; xmlns=&quot;http:\/\/www.w3.org\/2000\/svg&quot;&gt;&lt;path d=&quot;M143 352.3L7 216.3c-9.4-9.4-9.4-24.6 0-33.9l22.6-22.6c9.4-9.4 24.6-9.4 33.9 0l96.4 96.4 96.4-96.4c9.4-9.4 24.6-9.4 33.9 0l22.6 22.6c9.4 9.4 9.4 24.6 0 33.9l-136 136c-9.2 9.4-24.4 9.4-33.8 0z&quot;&gt;&lt;\/path&gt;&lt;\/svg&gt;\" data-dropdown-indicator-icon=\"&lt;svg class=&quot;e-font-icon-svg e-fas-angle-down&quot; viewBox=&quot;0 0 320 512&quot; xmlns=&quot;http:\/\/www.w3.org\/2000\/svg&quot;&gt;&lt;path d=&quot;M143 352.3L7 216.3c-9.4-9.4-9.4-24.6 0-33.9l22.6-22.6c9.4-9.4 24.6-9.4 33.9 0l96.4 96.4 96.4-96.4c9.4-9.4 24.6-9.4 33.9 0l22.6 22.6c9.4 9.4 9.4 24.6 0 33.9l-136 136c-9.2 9.4-24.4 9.4-33.8 0z&quot;&gt;&lt;\/path&gt;&lt;\/svg&gt;\" class=\"eael-simple-menu-container eael-simple-menu--loading eael-simple-menu-align-center eael-simple-menu-dropdown-align-left preset-2\" data-hamburger-breakpoints=\"{&quot;mobile&quot;:&quot;Portrait mobile (&gt; 767px)&quot;,&quot;tablet&quot;:&quot;Tablette en mode portrait (&gt; 1024px)&quot;,&quot;desktop&quot;:&quot;Desktop (&gt; 2400px)&quot;,&quot;none&quot;:&quot;None&quot;}\" data-hamburger-device=\"tablet\">\n                <ul id=\"menu-au-dela-02\" class=\"eael-simple-menu eael-simple-menu-dropdown-animate-to-top eael-simple-menu-indicator eael-simple-menu-horizontal\"><li id=\"menu-item-870\" class=\"menu-item menu-item-type-post_type menu-item-object-page menu-item-870\"><a href=\"https:\/\/raucroix.eu\/or2025\/vers-linfini-et-au-dela\/bd-realite\/\">BD R\u00e9alit\u00e9<\/a><\/li>\n<li id=\"menu-item-871\" class=\"menu-item menu-item-type-post_type menu-item-object-page menu-item-871\"><a href=\"https:\/\/raucroix.eu\/or2025\/vers-linfini-et-au-dela\/modelisme\/\">Mod\u00e9lisme<\/a><\/li>\n<li id=\"menu-item-872\" class=\"menu-item menu-item-type-post_type menu-item-object-page menu-item-872\"><a href=\"https:\/\/raucroix.eu\/or2025\/vers-linfini-et-au-dela\/psychologie-page-i\/\">Psychologie<\/a><\/li>\n<li id=\"menu-item-873\" class=\"menu-item menu-item-type-post_type menu-item-object-page menu-item-873\"><a href=\"https:\/\/raucroix.eu\/or2025\/vers-linfini-et-au-dela\/geobiologie\/\">G\u00e9obiologie<\/a><\/li>\n<\/ul>                <button class=\"eael-simple-menu-toggle\">\n                    <span class=\"sr-only \">Hamburger Toggle Menu<\/span>\n                    <svg aria-hidden=\"true\" class=\"e-font-icon-svg e-fas-bars\" viewBox=\"0 0 448 512\" xmlns=\"http:\/\/www.w3.org\/2000\/svg\"><path d=\"M16 132h416c8.837 0 16-7.163 16-16V76c0-8.837-7.163-16-16-16H16C7.163 60 0 67.163 0 76v40c0 8.837 7.163 16 16 16zm0 160h416c8.837 0 16-7.163 16-16v-40c0-8.837-7.163-16-16-16H16c-8.837 0-16 7.163-16 16v40c0 8.837 7.163 16 16 16zm0 160h416c8.837 0 16-7.163 16-16v-40c0-8.837-7.163-16-16-16H16c-8.837 0-16 7.163-16 16v40c0 8.837 7.163 16 16 16z\"><\/path><\/svg>                <\/button>\n            <\/div>\n            \t\t\t\t<\/div>\n\t\t\t\t<\/div>\n\t\t\t\t\t<\/div>\n\t\t\t\t<\/div>\n\t\t\t\t<\/div>\n\t\t","protected":false},"excerpt":{"rendered":"<p>GEOBIOLOGIE DEFINITION En radiesth\u00e9sie, la g\u00e9obiologie est une pseudoscience consistant en l&rsquo;\u00e9tude \u00e9sot\u00e9rique des relations de l&rsquo;environnement, des constructions et du mode de vie avec le vivant, de l&rsquo;ensemble des influences de l&rsquo;environnement sur le vivant, et notamment des ondes li\u00e9es aux champs magn\u00e9tiques et \u00e9lectriques, courants d&rsquo;eau souterrains, r\u00e9seaux dit \u00ab g\u00e9obiologiques \u00bb, failles [&hellip;]<\/p>\n","protected":false},"author":1,"featured_media":0,"parent":307,"menu_order":8,"comment_status":"closed","ping_status":"open","template":"","meta":{"_et_pb_use_builder":"","_et_pb_old_content":"","_et_gb_content_width":"","footnotes":""},"class_list":["post-489","page","type-page","status-publish","hentry"],"_links":{"self":[{"href":"https:\/\/raucroix.eu\/or2025\/wp-json\/wp\/v2\/pages\/489","targetHints":{"allow":["GET"]}}],"collection":[{"href":"https:\/\/raucroix.eu\/or2025\/wp-json\/wp\/v2\/pages"}],"about":[{"href":"https:\/\/raucroix.eu\/or2025\/wp-json\/wp\/v2\/types\/page"}],"author":[{"embeddable":true,"href":"https:\/\/raucroix.eu\/or2025\/wp-json\/wp\/v2\/users\/1"}],"replies":[{"embeddable":true,"href":"https:\/\/raucroix.eu\/or2025\/wp-json\/wp\/v2\/comments?post=489"}],"version-history":[{"count":6,"href":"https:\/\/raucroix.eu\/or2025\/wp-json\/wp\/v2\/pages\/489\/revisions"}],"predecessor-version":[{"id":1172,"href":"https:\/\/raucroix.eu\/or2025\/wp-json\/wp\/v2\/pages\/489\/revisions\/1172"}],"up":[{"embeddable":true,"href":"https:\/\/raucroix.eu\/or2025\/wp-json\/wp\/v2\/pages\/307"}],"wp:attachment":[{"href":"https:\/\/raucroix.eu\/or2025\/wp-json\/wp\/v2\/media?parent=489"}],"curies":[{"name":"wp","href":"https:\/\/api.w.org\/{rel}","templated":true}]}}