{"id":194,"date":"2024-02-15T22:55:55","date_gmt":"2024-02-15T21:55:55","guid":{"rendered":"https:\/\/raucroix.eu\/OR2024\/?page_id=194"},"modified":"2024-07-23T11:59:51","modified_gmt":"2024-07-23T09:59:51","slug":"me-contacter","status":"publish","type":"page","link":"https:\/\/raucroix.eu\/or2025\/accueil\/me-contacter\/","title":{"rendered":"ME CONTACTER"},"content":{"rendered":"\t\t<div data-elementor-type=\"wp-page\" data-elementor-id=\"194\" class=\"elementor elementor-194\">\n\t\t\t\t<div class=\"elementor-element elementor-element-77ec14a e-flex e-con-boxed e-con e-parent\" data-id=\"77ec14a\" data-element_type=\"container\" data-e-type=\"container\">\n\t\t\t\t\t<div class=\"e-con-inner\">\n\t\t\t\t<div class=\"elementor-element elementor-element-9944514 elementor-widget elementor-widget-heading\" data-id=\"9944514\" data-element_type=\"widget\" data-e-type=\"widget\" data-widget_type=\"heading.default\">\n\t\t\t\t<div class=\"elementor-widget-container\">\n\t\t\t\t\t<h3 class=\"elementor-heading-title elementor-size-default\">Pour me contacter, merci de remplir et envoyer le formulaire ci-dessous.<\/h3>\t\t\t\t<\/div>\n\t\t\t\t<\/div>\n\t\t\t\t<div class=\"elementor-element elementor-element-3d4fa9c elementor-widget elementor-widget-wpforms\" data-id=\"3d4fa9c\" data-element_type=\"widget\" data-e-type=\"widget\" data-widget_type=\"wpforms.default\">\n\t\t\t\t<div class=\"elementor-widget-container\">\n\t\t\t\t\t<div class=\"wpforms-container wpforms-container-full wpforms-render-modern\" id=\"wpforms-73\"><form id=\"wpforms-form-73\" class=\"wpforms-validate wpforms-form wpforms-ajax-form\" data-formid=\"73\" method=\"post\" enctype=\"multipart\/form-data\" action=\"\/or2025\/wp-json\/wp\/v2\/pages\/194\" data-token=\"6378b6695dd64cee677cd81c9c9a1ad0\" data-token-time=\"1775910349\"><noscript class=\"wpforms-error-noscript\">Veuillez activer JavaScript dans votre navigateur pour remplir ce formulaire.<\/noscript><div id=\"wpforms-error-noscript\" style=\"display: none;\">Veuillez activer JavaScript dans votre navigateur pour remplir ce formulaire.<\/div><div class=\"wpforms-field-container\"><div id=\"wpforms-73-field_1-container\" class=\"wpforms-field wpforms-field-text\" data-field-id=\"1\"><label class=\"wpforms-field-label\" for=\"wpforms-73-field_1\">Informations automatiques (Ne pas modifier SVP ! ) <span class=\"wpforms-required-label\" aria-hidden=\"true\">*<\/span><\/label><input type=\"text\" id=\"wpforms-73-field_1\" class=\"wpforms-field-medium wpforms-field-required\" name=\"wpforms[fields][1]\" value=\"216.73.216.130 - 11\/04\/2026 -\" aria-errormessage=\"wpforms-73-field_1-error\" required><\/div><div id=\"wpforms-73-field_2-container\" class=\"wpforms-field wpforms-field-name\" data-field-id=\"2\"><fieldset><legend class=\"wpforms-field-label\">Je m&#039;appelle <span class=\"wpforms-required-label\" aria-hidden=\"true\">*<\/span><\/legend><div class=\"wpforms-field-row wpforms-field-medium\"><div class=\"wpforms-field-row-block wpforms-first wpforms-one-half\"><input type=\"text\" id=\"wpforms-73-field_2\" class=\"wpforms-field-name-first wpforms-field-required\" name=\"wpforms[fields][2][first]\" aria-errormessage=\"wpforms-73-field_2-error\" required><label for=\"wpforms-73-field_2\" class=\"wpforms-field-sublabel after\">Pr\u00e9nom<\/label><\/div><div class=\"wpforms-field-row-block wpforms-one-half\"><input type=\"text\" id=\"wpforms-73-field_2-last\" class=\"wpforms-field-name-last wpforms-field-required\" name=\"wpforms[fields][2][last]\" aria-errormessage=\"wpforms-73-field_2-last-error\" required><label for=\"wpforms-73-field_2-last\" class=\"wpforms-field-sublabel after\">Nom<\/label><\/div><\/div><\/fieldset><\/div><div id=\"wpforms-73-field_3-container\" class=\"wpforms-field wpforms-field-textarea\" data-field-id=\"3\"><label class=\"wpforms-field-label\" for=\"wpforms-73-field_3\">J&#039;habite ... (pays, r\u00e9gion, ville, ...) <span class=\"wpforms-required-label\" aria-hidden=\"true\">*<\/span><\/label><textarea id=\"wpforms-73-field_3\" class=\"wpforms-field-small wpforms-field-required\" name=\"wpforms[fields][3]\" aria-errormessage=\"wpforms-73-field_3-error\" aria-describedby=\"wpforms-73-field_3-description\" required><\/textarea><div id=\"wpforms-73-field_3-description\" class=\"wpforms-field-description\">Juste pour mieux vous conna\u00eetre ...<\/div><\/div><div id=\"wpforms-73-field_4-container\" class=\"wpforms-field wpforms-field-text\" data-field-id=\"4\"><label class=\"wpforms-field-label\" for=\"wpforms-73-field_4\">Je m&#039;int\u00e9resse \u00e0 ... ? (Centre d&#039;int\u00e9r\u00eat principal) <span class=\"wpforms-required-label\" aria-hidden=\"true\">*<\/span><\/label><input type=\"text\" id=\"wpforms-73-field_4\" class=\"wpforms-field-medium wpforms-field-required\" name=\"wpforms[fields][4]\" aria-errormessage=\"wpforms-73-field_4-error\" required><\/div><div id=\"wpforms-73-field_5-container\" class=\"wpforms-field wpforms-field-email\" data-field-id=\"5\"><label class=\"wpforms-field-label\" for=\"wpforms-73-field_5\">E-mail <span class=\"wpforms-required-label\" aria-hidden=\"true\">*<\/span><\/label><input type=\"email\" id=\"wpforms-73-field_5\" class=\"wpforms-field-medium wpforms-field-required\" name=\"wpforms[fields][5]\" spellcheck=\"false\" aria-errormessage=\"wpforms-73-field_5-error\" required><\/div><div id=\"wpforms-73-field_6-container\" class=\"wpforms-field wpforms-field-text\" data-field-id=\"6\"><label class=\"wpforms-field-label\" for=\"wpforms-73-field_6\">Objet du message <span class=\"wpforms-required-label\" aria-hidden=\"true\">*<\/span><\/label><input type=\"text\" id=\"wpforms-73-field_6\" class=\"wpforms-field-medium wpforms-field-required\" name=\"wpforms[fields][6]\" aria-errormessage=\"wpforms-73-field_6-error\" required><\/div><div id=\"wpforms-73-field_7-container\" class=\"wpforms-field wpforms-field-textarea\" data-field-id=\"7\"><label class=\"wpforms-field-label\" for=\"wpforms-73-field_7\">Le message <span class=\"wpforms-required-label\" aria-hidden=\"true\">*<\/span><\/label><textarea id=\"wpforms-73-field_7\" class=\"wpforms-field-medium wpforms-field-required\" name=\"wpforms[fields][7]\" aria-errormessage=\"wpforms-73-field_7-error\" aria-describedby=\"wpforms-73-field_7-description\" required><\/textarea><div id=\"wpforms-73-field_7-description\" class=\"wpforms-field-description\">Merci de remplir ce formulaire de pr\u00e9f\u00e9rence en fran\u00e7ais.<\/div><\/div><div id=\"wpforms-73-field_8-container\" class=\"wpforms-field wpforms-field-checkbox\" data-field-id=\"8\"><fieldset><legend class=\"wpforms-field-label\">Avertissement ! <span class=\"wpforms-required-label\" aria-hidden=\"true\">*<\/span><\/legend><ul id=\"wpforms-73-field_8\" class=\"wpforms-field-required\"><li class=\"choice-1 depth-1\"><input type=\"checkbox\" id=\"wpforms-73-field_8_1\" name=\"wpforms[fields][8][]\" value=\"Je prends bonne note qu&#039;il ne sera pas donn\u00e9 aucune suite \u00e0 ce formulaire si la demande rel\u00e8ve du domaine du G\u00e9om\u00e8tre-Expert.\" aria-errormessage=\"wpforms-73-field_8_1-error\" required ><label class=\"wpforms-field-label-inline\" for=\"wpforms-73-field_8_1\">Je prends bonne note qu'il ne sera pas donn\u00e9 aucune suite \u00e0 ce formulaire si la demande rel\u00e8ve du domaine du G\u00e9om\u00e8tre-Expert.<\/label><\/li><\/ul><\/fieldset><\/div><div id=\"wpforms-73-field_9-container\" class=\"wpforms-field wpforms-field-checkbox\" data-field-id=\"9\"><fieldset><legend class=\"wpforms-field-label\">Accord RGPD <span class=\"wpforms-required-label\" aria-hidden=\"true\">*<\/span><\/legend><ul id=\"wpforms-73-field_9\" class=\"wpforms-field-required\"><li class=\"choice-1 depth-1\"><input type=\"checkbox\" id=\"wpforms-73-field_9_1\" name=\"wpforms[fields][9][]\" value=\"Je donne mon consentement au stockage mes informations envoy\u00e9es sur le site afin de r\u00e9pondre \u00e0 ma requ\u00eate. Elles pourront \u00e9galement \u00eatre utilis\u00e9es par le gestionnaire du site dans le cadre de ma demande.\" aria-errormessage=\"wpforms-73-field_9_1-error\" required ><label class=\"wpforms-field-label-inline\" for=\"wpforms-73-field_9_1\">Je donne mon consentement au stockage mes informations envoy\u00e9es sur le site afin de r\u00e9pondre \u00e0 ma requ\u00eate. Elles pourront \u00e9galement \u00eatre utilis\u00e9es par le gestionnaire du site dans le cadre de ma demande.<\/label><\/li><\/ul><\/fieldset><\/div><\/div><!-- .wpforms-field-container --><div class=\"wpforms-recaptcha-container wpforms-is-recaptcha wpforms-is-recaptcha-type-v2\" ><div class=\"g-recaptcha\" data-sitekey=\"6Lf7QykrAAAAALVWXFS2z4vY6f2vnJyfUZbaFcmd\"><\/div><input type=\"text\" name=\"g-recaptcha-hidden\" class=\"wpforms-recaptcha-hidden\" style=\"position:absolute!important;clip:rect(0,0,0,0)!important;height:1px!important;width:1px!important;border:0!important;overflow:hidden!important;padding:0!important;margin:0!important;\" data-rule-recaptcha=\"1\"><\/div><div class=\"wpforms-submit-container\" ><input type=\"hidden\" name=\"wpforms[id]\" value=\"73\"><input type=\"hidden\" name=\"page_title\" value=\"\"><input type=\"hidden\" name=\"page_url\" value=\"https:\/\/raucroix.eu\/or2025\/wp-json\/wp\/v2\/pages\/194\"><input type=\"hidden\" name=\"url_referer\" value=\"\"><button type=\"submit\" name=\"wpforms[submit]\" id=\"wpforms-submit-73\" class=\"wpforms-submit\" data-alt-text=\"Envoi...\" data-submit-text=\"Transmettre le message\" aria-live=\"assertive\" value=\"wpforms-submit\">Transmettre le message<\/button><img decoding=\"async\" src=\"https:\/\/raucroix.eu\/or2025\/wp-content\/plugins\/wpforms-lite\/assets\/images\/submit-spin.svg\" class=\"wpforms-submit-spinner\" style=\"display: none;\" width=\"26\" height=\"26\" alt=\"Chargement en cours\"><\/div><\/form><\/div>  <!-- .wpforms-container -->\t\t\t\t<\/div>\n\t\t\t\t<\/div>\n\t\t\t\t\t<\/div>\n\t\t\t\t<\/div>\n\t\t\t\t<\/div>\n\t\t","protected":false},"excerpt":{"rendered":"<p>Pour me contacter, merci de remplir et envoyer le formulaire ci-dessous. Veuillez activer JavaScript dans votre navigateur pour remplir ce formulaire.Veuillez activer JavaScript dans votre navigateur pour remplir ce formulaire.Informations automatiques (Ne pas modifier SVP ! ) * Je m&#039;appelle * Pr\u00e9nomNom J&#039;habite &#8230; (pays, r\u00e9gion, ville, &#8230;) *Juste pour mieux vous conna\u00eetre &#8230;Je m&#039;int\u00e9resse [&hellip;]<\/p>\n","protected":false},"author":1,"featured_media":0,"parent":45,"menu_order":2,"comment_status":"closed","ping_status":"open","template":"elementor_header_footer","meta":{"_et_pb_use_builder":"","_et_pb_old_content":"","_et_gb_content_width":"1280","footnotes":""},"class_list":["post-194","page","type-page","status-publish","hentry"],"_links":{"self":[{"href":"https:\/\/raucroix.eu\/or2025\/wp-json\/wp\/v2\/pages\/194","targetHints":{"allow":["GET"]}}],"collection":[{"href":"https:\/\/raucroix.eu\/or2025\/wp-json\/wp\/v2\/pages"}],"about":[{"href":"https:\/\/raucroix.eu\/or2025\/wp-json\/wp\/v2\/types\/page"}],"author":[{"embeddable":true,"href":"https:\/\/raucroix.eu\/or2025\/wp-json\/wp\/v2\/users\/1"}],"replies":[{"embeddable":true,"href":"https:\/\/raucroix.eu\/or2025\/wp-json\/wp\/v2\/comments?post=194"}],"version-history":[{"count":8,"href":"https:\/\/raucroix.eu\/or2025\/wp-json\/wp\/v2\/pages\/194\/revisions"}],"predecessor-version":[{"id":796,"href":"https:\/\/raucroix.eu\/or2025\/wp-json\/wp\/v2\/pages\/194\/revisions\/796"}],"up":[{"embeddable":true,"href":"https:\/\/raucroix.eu\/or2025\/wp-json\/wp\/v2\/pages\/45"}],"wp:attachment":[{"href":"https:\/\/raucroix.eu\/or2025\/wp-json\/wp\/v2\/media?parent=194"}],"curies":[{"name":"wp","href":"https:\/\/api.w.org\/{rel}","templated":true}]}}